{"id":153,"date":"2020-02-23T16:20:43","date_gmt":"2020-02-23T16:20:43","guid":{"rendered":"http:\/\/holger-montag.de\/?page_id=153"},"modified":"2025-01-05T14:47:06","modified_gmt":"2025-01-05T14:47:06","slug":"freelancer","status":"publish","type":"page","link":"https:\/\/holger-montag.de\/?page_id=153","title":{"rendered":"Freelancer Text"},"content":{"rendered":"\r\n<h2>Mein Wort drauf!<\/h2>\r\n<p>&nbsp;<\/p>\r\n<hr \/>\r\n<p class=\"has-drop-cap\">Als Autor schreibe ich nicht nur eigene B\u00fccher, sondern verfasse beziehungsweise lektoriere auch Auftragstexte f\u00fcr Unternehmen und Organisationen.<\/p>\r\n\r\n\r\n\r\n<p>Die Bandbreite meiner M\u00f6glichkeiten umfasst journalistische Arbeiten, Blog- und Social Media-Beitr\u00e4ge ebenso wie Sachtexte, Headlines, News(letter), Mailings, Storys und Gebrauchsanweisungen. So bin ich als Content Creator, Lektor und Copywriter einsetzbar.<\/p>\r\n\r\n\r\n\r\n<p>Als Leseproben empfehle ich folgende Blog- und Ratgeber-Beitr\u00e4ge:<\/p>\r\n<p><a href=\"https:\/\/holger-montag.de\/wp-content\/uploads\/2022\/12\/NewWork.pdf\">New Work: Blog-Beitrag (erschienen bei der SIEDA GmbH)<\/a><\/p>\r\n<p><a href=\"https:\/\/holger-montag.de\/wp-content\/uploads\/2022\/12\/Ratgeber_Grundstueckswert_Ermitteln.pdf\">Ratgeber_Grundst\u00fcckswert_Ermitteln<\/a><\/p>\r\n<p>F\u00fcr meinen eigenen Blog einfach hier klicken: <a href=\"http:\/\/www.holger-montag.de\/\">Zu den Blog-Beitr\u00e4gen<\/a><\/p>\r\n\r\n\r\n\r\n\r\n\r\n<div class=\"wp-block-spacer\" style=\"height: 50px;\" aria-hidden=\"true\">\u00a0<\/div>\r\n\r\n\r\n\r\n<p class=\"has-text-color has-background has-very-light-gray-color\" style=\"background-color: #327454;\">Anfragen + Bestellungen unter <a href=\"mailto:info@holger-montag.de\"><strong>info@holger-montag.de<\/strong><\/a><\/p>\r\n","protected":false},"excerpt":{"rendered":"<p>Mein Wort drauf! &nbsp; Als Autor schreibe ich nicht nur eigene B\u00fccher, sondern verfasse beziehungsweise lektoriere auch Auftragstexte f\u00fcr Unternehmen und Organisationen. Die Bandbreite meiner M\u00f6glichkeiten umfasst journalistische Arbeiten, Blog- und Social Media-Beitr\u00e4ge ebenso wie Sachtexte, Headlines, News(letter), Mailings, Storys und Gebrauchsanweisungen. So bin ich als Content Creator, Lektor und Copywriter einsetzbar. Als Leseproben empfehle &hellip; <\/p>\n<p class=\"link-more\"><a href=\"https:\/\/holger-montag.de\/?page_id=153\" class=\"more-link\"><span class=\"screen-reader-text\">\u201eFreelancer Text\u201c<\/span> weiterlesen<\/a><\/p>\n","protected":false},"author":1,"featured_media":0,"parent":0,"menu_order":3,"comment_status":"closed","ping_status":"closed","template":"","meta":{"footnotes":""},"class_list":["post-153","page","type-page","status-publish","hentry"],"_links":{"self":[{"href":"https:\/\/holger-montag.de\/index.php?rest_route=\/wp\/v2\/pages\/153","targetHints":{"allow":["GET"]}}],"collection":[{"href":"https:\/\/holger-montag.de\/index.php?rest_route=\/wp\/v2\/pages"}],"about":[{"href":"https:\/\/holger-montag.de\/index.php?rest_route=\/wp\/v2\/types\/page"}],"author":[{"embeddable":true,"href":"https:\/\/holger-montag.de\/index.php?rest_route=\/wp\/v2\/users\/1"}],"replies":[{"embeddable":true,"href":"https:\/\/holger-montag.de\/index.php?rest_route=%2Fwp%2Fv2%2Fcomments&post=153"}],"version-history":[{"count":30,"href":"https:\/\/holger-montag.de\/index.php?rest_route=\/wp\/v2\/pages\/153\/revisions"}],"predecessor-version":[{"id":1482,"href":"https:\/\/holger-montag.de\/index.php?rest_route=\/wp\/v2\/pages\/153\/revisions\/1482"}],"wp:attachment":[{"href":"https:\/\/holger-montag.de\/index.php?rest_route=%2Fwp%2Fv2%2Fmedia&parent=153"}],"curies":[{"name":"wp","href":"https:\/\/api.w.org\/{rel}","templated":true}]}}