{"id":1504,"date":"2025-01-05T15:56:57","date_gmt":"2025-01-05T15:56:57","guid":{"rendered":"https:\/\/holger-montag.de\/?page_id=1504"},"modified":"2026-01-11T20:58:36","modified_gmt":"2026-01-11T20:58:36","slug":"autorenlesungen-linoldruck-fuer-erwachsene","status":"publish","type":"page","link":"https:\/\/holger-montag.de\/?page_id=1504","title":{"rendered":"Autorenlesungen + Linoldruck f\u00fcr Erwachsene"},"content":{"rendered":"<h2>Autorenlesungen<\/h2>\n<p>&nbsp;<\/p>\n<p><img loading=\"lazy\" decoding=\"async\" class=\"alignnone wp-image-1112\" src=\"https:\/\/holger-montag.de\/wp-content\/uploads\/2022\/11\/tmp_1605704057302.jpg\" alt=\"\" width=\"202\" height=\"202\" srcset=\"https:\/\/holger-montag.de\/wp-content\/uploads\/2022\/11\/tmp_1605704057302.jpg 291w, https:\/\/holger-montag.de\/wp-content\/uploads\/2022\/11\/tmp_1605704057302-150x150.jpg 150w, https:\/\/holger-montag.de\/wp-content\/uploads\/2022\/11\/tmp_1605704057302-100x100.jpg 100w\" sizes=\"auto, (max-width: 202px) 100vw, 202px\" \/><\/p>\n<p>Sie interessieren sich f\u00fcr die Teilnahme an einer Autorenlesung oder m\u00f6chen eine solche Lesung organisieren? Dann setzen Sie sich bitte mit mir in Verbindung:<\/p>\n<p class=\"has-text-color has-background has-very-light-gray-color\" style=\"background-color: #327454;\">Anfragen unter <a href=\"mailto:info@holger-montag.de\"><strong>info@holger-montag.de<\/strong><\/a><\/p>\n<p>&nbsp;<\/p>\n<h2>Linoldruck-Workshops f\u00fcr Erwachsene<\/h2>\n<p><img loading=\"lazy\" decoding=\"async\" class=\"alignnone wp-image-498\" src=\"https:\/\/holger-montag.de\/wp-content\/uploads\/2020\/04\/71.jpg\" alt=\"\" width=\"147\" height=\"200\" srcset=\"https:\/\/holger-montag.de\/wp-content\/uploads\/2020\/04\/71.jpg 224w, https:\/\/holger-montag.de\/wp-content\/uploads\/2020\/04\/71-221x300.jpg 221w\" sizes=\"auto, (max-width: 147px) 100vw, 147px\" \/><\/p>\n<p>Mein Projekt Autorenlesung und Linoldruck f\u00fcr Grundsch\u00fcler ist bereits seit vielen Jahren etabliert. Doch auch immer mehr Erwachsene m\u00f6chten gerne die traditionsreiche Technik des Linoldrucks erlernen und ihre Lebensexpertise um eine wertvolle Erfahrung bereichern. Wie steht es mit Ihnen? Neugierig auf eine neue Technik der Bildenden Kunst? Dann sind meine <span style=\"color: #33cccc;\"><strong><a style=\"color: #33cccc;\" href=\"https:\/\/holger-montag.de\/?page_id=1434\">Linoldruck-Workshops f\u00fcr Erwachsene<\/a><\/strong><\/span> genau das Richtige f\u00fcr Sie!<\/p>\n<p>Wie w\u00e4re es denn mit einem<\/p>\n<p><strong>Linoldruck-Workshop f\u00fcr Erwachsene<\/strong><\/p>\n<p><strong>Wann<\/strong>: Sonntag, 08. M\u00e4rz 2026, 10:00 Uhr &#8211; 14:00 Uhr<\/p>\n<p><strong>Wo<\/strong>: Kultgie\u00dferei, 66125 Saarbr\u00fccken-Dudweiler<\/p>\n<p><strong>Unkostenbeitrag<\/strong>: 75,00 EUR p. P. (inklusive Material)<\/p>\n<p><strong>Interessiert<\/strong>: Bitte kontaktieren Sie mich unter info@holger-montag.de<\/p>\n<p>&nbsp;<\/p>\n<p>&nbsp;<\/p>\n","protected":false},"excerpt":{"rendered":"<p>Autorenlesungen &nbsp; Sie interessieren sich f\u00fcr die Teilnahme an einer Autorenlesung oder m\u00f6chen eine solche Lesung organisieren? Dann setzen Sie sich bitte mit mir in Verbindung: Anfragen unter info@holger-montag.de &nbsp; Linoldruck-Workshops f\u00fcr Erwachsene Mein Projekt Autorenlesung und Linoldruck f\u00fcr Grundsch\u00fcler ist bereits seit vielen Jahren etabliert. Doch auch immer mehr Erwachsene m\u00f6chten gerne die traditionsreiche &hellip; <\/p>\n<p class=\"link-more\"><a href=\"https:\/\/holger-montag.de\/?page_id=1504\" class=\"more-link\"><span class=\"screen-reader-text\">\u201eAutorenlesungen + Linoldruck f\u00fcr Erwachsene\u201c<\/span> weiterlesen<\/a><\/p>\n","protected":false},"author":1,"featured_media":0,"parent":0,"menu_order":0,"comment_status":"closed","ping_status":"closed","template":"","meta":{"footnotes":""},"class_list":["post-1504","page","type-page","status-publish","hentry"],"_links":{"self":[{"href":"https:\/\/holger-montag.de\/index.php?rest_route=\/wp\/v2\/pages\/1504","targetHints":{"allow":["GET"]}}],"collection":[{"href":"https:\/\/holger-montag.de\/index.php?rest_route=\/wp\/v2\/pages"}],"about":[{"href":"https:\/\/holger-montag.de\/index.php?rest_route=\/wp\/v2\/types\/page"}],"author":[{"embeddable":true,"href":"https:\/\/holger-montag.de\/index.php?rest_route=\/wp\/v2\/users\/1"}],"replies":[{"embeddable":true,"href":"https:\/\/holger-montag.de\/index.php?rest_route=%2Fwp%2Fv2%2Fcomments&post=1504"}],"version-history":[{"count":8,"href":"https:\/\/holger-montag.de\/index.php?rest_route=\/wp\/v2\/pages\/1504\/revisions"}],"predecessor-version":[{"id":1626,"href":"https:\/\/holger-montag.de\/index.php?rest_route=\/wp\/v2\/pages\/1504\/revisions\/1626"}],"wp:attachment":[{"href":"https:\/\/holger-montag.de\/index.php?rest_route=%2Fwp%2Fv2%2Fmedia&parent=1504"}],"curies":[{"name":"wp","href":"https:\/\/api.w.org\/{rel}","templated":true}]}}