{"id":1379,"date":"2024-12-29T17:46:23","date_gmt":"2024-12-29T17:46:23","guid":{"rendered":"https:\/\/holger-montag.de\/?page_id=1379"},"modified":"2026-01-22T21:31:12","modified_gmt":"2026-01-22T21:31:12","slug":"ablauf-preise-autorenlesung-linoldruck-fuer-grundschueler","status":"publish","type":"page","link":"https:\/\/holger-montag.de\/?page_id=1379","title":{"rendered":"Autorenlesung + Linoldruck f\u00fcr Grundsch\u00fcler: Zeitlicher Ablauf"},"content":{"rendered":"<h2><span style=\"color: #ff6600;\"><strong>Ablauf<\/strong><\/span><\/h2>\n<p>&nbsp;<\/p>\n<hr \/>\n<p>Die L\u00e4nge und Lage der Schulstunden und Zeitbl\u00f6cke ist an jeder Grundschule verschieden. Exemplarisch sei das Projekt deshalb anhand regul\u00e4rer Schulstunden \u00e0 45 Minuten und einer Schulzeit von 8:00 Uhr &#8211; 12:30 Uhr f\u00fcr eine beziehungsweise zwei 4. Klassen (im Beispiel A+B) erl\u00e4utert. Individuelle Absprachen sind m\u00f6glich.<\/p>\n<p><strong>8:00 Uhr<\/strong><\/p>\n<p>Autorenlesung (ca. 30 min.) und -gespr\u00e4ch f\u00fcr 1-2 Klassen (A+B).<\/p>\n<p><strong>8:45 Uhr<\/strong><\/p>\n<p>Pause. Die Sch\u00fcler k\u00f6nnen sich nach dem anstrendenden Zuh\u00f6ren bewegen und austoben. Die Kursleitung pr\u00e4pariert die Arbeitstische f\u00fcr den Workshop.<\/p>\n<p><strong>9:00 Uhr<\/strong><\/p>\n<p>Wurden Parallelklassen (A+B) gebucht, beginnt f\u00fcr Klasse A der Workshop. Klasse B geht derweil in den Unterricht. Holger Montag erl\u00e4utert Klasse A die Grundlagen des Linoldrucks und teilt Material aus. Die Sch\u00fcler fertigen mehrere Druckvorlagen und auf deren Basis ihre ersten Linoldrucke an.<\/p>\n<p><strong>10:30 Uhr<\/strong><\/p>\n<p>Pause (bzw. bei einer gebuchten Klasse: Ende des Projekts). Der Kursleiter baut um\/ab.<\/p>\n<p><strong>11:00 Uhr<\/strong><\/p>\n<p>Wurden zwei Parallelklassen gebucht, beginnt nun der Workshop f\u00fcr Klasse B. Klasse A ist w\u00e4hrenddessen im Unterricht.<\/p>\n<p><strong>12:30 Uhr<\/strong><\/p>\n<p>Ende des Projekttages.<\/p>\n<hr \/>\n<p>&nbsp;<\/p>\n<p>Informationen und Antworten auf Ihre Fragen finden Sie hier: <a href=\"https:\/\/holger-montag.de\/?page_id=1373\">Erl\u00e4uterungen + FAQs<\/a><\/p>\n<p>&nbsp;<\/p>\n","protected":false},"excerpt":{"rendered":"<p>Ablauf &nbsp; Die L\u00e4nge und Lage der Schulstunden und Zeitbl\u00f6cke ist an jeder Grundschule verschieden. Exemplarisch sei das Projekt deshalb anhand regul\u00e4rer Schulstunden \u00e0 45 Minuten und einer Schulzeit von 8:00 Uhr &#8211; 12:30 Uhr f\u00fcr eine beziehungsweise zwei 4. Klassen (im Beispiel A+B) erl\u00e4utert. Individuelle Absprachen sind m\u00f6glich. 8:00 Uhr Autorenlesung (ca. 30 min.) &hellip; <\/p>\n<p class=\"link-more\"><a href=\"https:\/\/holger-montag.de\/?page_id=1379\" class=\"more-link\"><span class=\"screen-reader-text\">\u201eAutorenlesung + Linoldruck f\u00fcr Grundsch\u00fcler: Zeitlicher Ablauf\u201c<\/span> weiterlesen<\/a><\/p>\n","protected":false},"author":1,"featured_media":0,"parent":98,"menu_order":2,"comment_status":"closed","ping_status":"closed","template":"","meta":{"footnotes":""},"class_list":["post-1379","page","type-page","status-publish","hentry"],"_links":{"self":[{"href":"https:\/\/holger-montag.de\/index.php?rest_route=\/wp\/v2\/pages\/1379","targetHints":{"allow":["GET"]}}],"collection":[{"href":"https:\/\/holger-montag.de\/index.php?rest_route=\/wp\/v2\/pages"}],"about":[{"href":"https:\/\/holger-montag.de\/index.php?rest_route=\/wp\/v2\/types\/page"}],"author":[{"embeddable":true,"href":"https:\/\/holger-montag.de\/index.php?rest_route=\/wp\/v2\/users\/1"}],"replies":[{"embeddable":true,"href":"https:\/\/holger-montag.de\/index.php?rest_route=%2Fwp%2Fv2%2Fcomments&post=1379"}],"version-history":[{"count":7,"href":"https:\/\/holger-montag.de\/index.php?rest_route=\/wp\/v2\/pages\/1379\/revisions"}],"predecessor-version":[{"id":1668,"href":"https:\/\/holger-montag.de\/index.php?rest_route=\/wp\/v2\/pages\/1379\/revisions\/1668"}],"up":[{"embeddable":true,"href":"https:\/\/holger-montag.de\/index.php?rest_route=\/wp\/v2\/pages\/98"}],"wp:attachment":[{"href":"https:\/\/holger-montag.de\/index.php?rest_route=%2Fwp%2Fv2%2Fmedia&parent=1379"}],"curies":[{"name":"wp","href":"https:\/\/api.w.org\/{rel}","templated":true}]}}