{"id":1360,"date":"2024-12-29T16:52:29","date_gmt":"2024-12-29T16:52:29","guid":{"rendered":"https:\/\/holger-montag.de\/?page_id=1360"},"modified":"2025-01-01T21:20:10","modified_gmt":"2025-01-01T21:20:10","slug":"loftart","status":"publish","type":"page","link":"https:\/\/holger-montag.de\/?page_id=1360","title":{"rendered":"LoftArt"},"content":{"rendered":"<h2>LoftArt<\/h2>\n<p>&nbsp;<\/p>\n<hr \/>\n<p>Meine Linoldrucke, Rahmenkunst und Leuchtobjekte aus Papier k\u00f6nnen Sie \u00fcber den entsprechenden &#8222;Reiter&#8220;\u00a0 im Hauptmen\u00fc oberhalb dieses Textes erkunden.<\/p>\n<hr \/>\n<p>Edle Temporary Art f\u00fcr gro\u00dfe + kleinere R\u00e4umlichkeiten finden Sie unter der Domain <a href=\"http:\/\/www.belmontag.de\"><span style=\"color: #33cccc;\">belmontag.de<\/span><\/a>.<\/p>\n<p><img loading=\"lazy\" decoding=\"async\" class=\"alignnone size-large wp-image-1258\" src=\"https:\/\/holger-montag.de\/wp-content\/uploads\/2023\/06\/IMG_20230601_205556-998x1024.jpg\" alt=\"\" width=\"525\" height=\"539\" srcset=\"https:\/\/holger-montag.de\/wp-content\/uploads\/2023\/06\/IMG_20230601_205556-998x1024.jpg 998w, https:\/\/holger-montag.de\/wp-content\/uploads\/2023\/06\/IMG_20230601_205556-292x300.jpg 292w, https:\/\/holger-montag.de\/wp-content\/uploads\/2023\/06\/IMG_20230601_205556-768x788.jpg 768w, https:\/\/holger-montag.de\/wp-content\/uploads\/2023\/06\/IMG_20230601_205556-1497x1536.jpg 1497w, https:\/\/holger-montag.de\/wp-content\/uploads\/2023\/06\/IMG_20230601_205556-1996x2048.jpg 1996w\" sizes=\"auto, (max-width: 525px) 100vw, 525px\" \/><\/p>\n","protected":false},"excerpt":{"rendered":"<p>LoftArt &nbsp; Meine Linoldrucke, Rahmenkunst und Leuchtobjekte aus Papier k\u00f6nnen Sie \u00fcber den entsprechenden &#8222;Reiter&#8220;\u00a0 im Hauptmen\u00fc oberhalb dieses Textes erkunden. Edle Temporary Art f\u00fcr gro\u00dfe + kleinere R\u00e4umlichkeiten finden Sie unter der Domain belmontag.de.<\/p>\n","protected":false},"author":1,"featured_media":0,"parent":0,"menu_order":0,"comment_status":"closed","ping_status":"closed","template":"","meta":{"footnotes":""},"class_list":["post-1360","page","type-page","status-publish","hentry"],"_links":{"self":[{"href":"https:\/\/holger-montag.de\/index.php?rest_route=\/wp\/v2\/pages\/1360","targetHints":{"allow":["GET"]}}],"collection":[{"href":"https:\/\/holger-montag.de\/index.php?rest_route=\/wp\/v2\/pages"}],"about":[{"href":"https:\/\/holger-montag.de\/index.php?rest_route=\/wp\/v2\/types\/page"}],"author":[{"embeddable":true,"href":"https:\/\/holger-montag.de\/index.php?rest_route=\/wp\/v2\/users\/1"}],"replies":[{"embeddable":true,"href":"https:\/\/holger-montag.de\/index.php?rest_route=%2Fwp%2Fv2%2Fcomments&post=1360"}],"version-history":[{"count":12,"href":"https:\/\/holger-montag.de\/index.php?rest_route=\/wp\/v2\/pages\/1360\/revisions"}],"predecessor-version":[{"id":1419,"href":"https:\/\/holger-montag.de\/index.php?rest_route=\/wp\/v2\/pages\/1360\/revisions\/1419"}],"wp:attachment":[{"href":"https:\/\/holger-montag.de\/index.php?rest_route=%2Fwp%2Fv2%2Fmedia&parent=1360"}],"curies":[{"name":"wp","href":"https:\/\/api.w.org\/{rel}","templated":true}]}}